{"id":18685,"date":"2022-11-18T13:25:21","date_gmt":"2022-11-18T18:25:21","guid":{"rendered":"https:\/\/magazineluxe.com\/?page_id=18685"},"modified":"2024-12-23T18:31:37","modified_gmt":"2024-12-23T23:31:37","slug":"abonnement","status":"publish","type":"page","link":"https:\/\/magazineluxe.com\/fr\/abonnement\/","title":{"rendered":"Abonnement magazine"},"content":{"rendered":"<h1>ABONNEMENT<\/h1>\n<p><a href=\"https:\/\/buy.stripe.com\/5kAeVQ05y0qg2n65kk\" target=\"_blank\" rel=\"noopener\"><img loading=\"lazy\" decoding=\"async\" class=\"aligncenter wp-image-19137 size-full\" src=\"https:\/\/magazineluxe.com\/wp-content\/uploads\/2023\/05\/abonnement-magazine-luxe-affaires-immobilier.jpg\" alt=\"\" width=\"1920\" height=\"538\" srcset=\"https:\/\/magazineluxe.com\/wp-content\/uploads\/2023\/05\/abonnement-magazine-luxe-affaires-immobilier.jpg 1920w, https:\/\/magazineluxe.com\/wp-content\/uploads\/2023\/05\/abonnement-magazine-luxe-affaires-immobilier-300x84.jpg 300w, https:\/\/magazineluxe.com\/wp-content\/uploads\/2023\/05\/abonnement-magazine-luxe-affaires-immobilier-1024x287.jpg 1024w, https:\/\/magazineluxe.com\/wp-content\/uploads\/2023\/05\/abonnement-magazine-luxe-affaires-immobilier-768x215.jpg 768w, https:\/\/magazineluxe.com\/wp-content\/uploads\/2023\/05\/abonnement-magazine-luxe-affaires-immobilier-1536x430.jpg 1536w, https:\/\/magazineluxe.com\/wp-content\/uploads\/2023\/05\/abonnement-magazine-luxe-affaires-immobilier-1300x364.jpg 1300w\" sizes=\"auto, (max-width: 1920px) 100vw, 1920px\" \/><\/a><a href=\"https:\/\/www.europastar.com\/subscribe\/\" target=\"_blank\" rel=\"noopener\"><img loading=\"lazy\" decoding=\"async\" class=\"aligncenter size-full wp-image-18703\" src=\"https:\/\/magazineluxe.com\/wp-content\/uploads\/2022\/11\/abonnement-magazine-luxe-europa-star-papier.jpg\" alt=\"\" width=\"1920\" height=\"444\" srcset=\"https:\/\/magazineluxe.com\/wp-content\/uploads\/2022\/11\/abonnement-magazine-luxe-europa-star-papier.jpg 1920w, https:\/\/magazineluxe.com\/wp-content\/uploads\/2022\/11\/abonnement-magazine-luxe-europa-star-papier-300x69.jpg 300w, https:\/\/magazineluxe.com\/wp-content\/uploads\/2022\/11\/abonnement-magazine-luxe-europa-star-papier-1024x237.jpg 1024w, https:\/\/magazineluxe.com\/wp-content\/uploads\/2022\/11\/abonnement-magazine-luxe-europa-star-papier-768x178.jpg 768w, https:\/\/magazineluxe.com\/wp-content\/uploads\/2022\/11\/abonnement-magazine-luxe-europa-star-papier-1536x355.jpg 1536w, https:\/\/magazineluxe.com\/wp-content\/uploads\/2022\/11\/abonnement-magazine-luxe-europa-star-papier-1300x301.jpg 1300w\" sizes=\"auto, (max-width: 1920px) 100vw, 1920px\" \/><\/a><a href=\"https:\/\/www.europastar.com\/subscribe\/\" target=\"_blank\" rel=\"noopener\"><img loading=\"lazy\" decoding=\"async\" class=\"aligncenter size-full wp-image-18705\" src=\"https:\/\/magazineluxe.com\/wp-content\/uploads\/2022\/11\/abonnement-magazine-luxe-europa-star-electronique.jpg\" alt=\"\" width=\"1920\" height=\"445\" srcset=\"https:\/\/magazineluxe.com\/wp-content\/uploads\/2022\/11\/abonnement-magazine-luxe-europa-star-electronique.jpg 1920w, https:\/\/magazineluxe.com\/wp-content\/uploads\/2022\/11\/abonnement-magazine-luxe-europa-star-electronique-300x70.jpg 300w, https:\/\/magazineluxe.com\/wp-content\/uploads\/2022\/11\/abonnement-magazine-luxe-europa-star-electronique-1024x237.jpg 1024w, https:\/\/magazineluxe.com\/wp-content\/uploads\/2022\/11\/abonnement-magazine-luxe-europa-star-electronique-768x178.jpg 768w, https:\/\/magazineluxe.com\/wp-content\/uploads\/2022\/11\/abonnement-magazine-luxe-europa-star-electronique-1536x356.jpg 1536w, https:\/\/magazineluxe.com\/wp-content\/uploads\/2022\/11\/abonnement-magazine-luxe-europa-star-electronique-1300x301.jpg 1300w\" sizes=\"auto, (max-width: 1920px) 100vw, 1920px\" \/><\/a><\/p>\n","protected":false},"excerpt":{"rendered":"<p>ABONNEMENT<\/p>\n","protected":false},"author":710,"featured_media":0,"parent":0,"menu_order":0,"comment_status":"closed","ping_status":"closed","template":"","meta":{"_monsterinsights_skip_tracking":false,"_monsterinsights_sitenote_active":false,"_monsterinsights_sitenote_note":"","_monsterinsights_sitenote_category":0,"footnotes":""},"class_list":["post-18685","page","type-page","status-publish","hentry"],"yoast_head":"<!-- This site is optimized with the Yoast SEO plugin v27.5 - https:\/\/yoast.com\/product\/yoast-seo-wordpress\/ -->\n<title>Abonnement au Magazine LUXE I Immobilier Design Art de vivre Travel<\/title>\n<meta name=\"description\" content=\"Abonnez-vous au Magazine LUXE et recevez les versions papier. Et b\u00e9n\u00e9ficiez d&#039;un tarif pr\u00e9f\u00e9rentiel sur votre abonnement \u00e0 Europa Star.\" \/>\n<meta name=\"robots\" content=\"index, follow, max-snippet:-1, max-image-preview:large, max-video-preview:-1\" \/>\n<link rel=\"canonical\" href=\"https:\/\/magazineluxe.com\/fr\/abonnement\/\" \/>\n<meta property=\"og:locale\" content=\"fr_FR\" \/>\n<meta property=\"og:type\" content=\"article\" \/>\n<meta property=\"og:title\" content=\"Abonnement au Magazine LUXE I Immobilier Design Art de vivre Travel\" \/>\n<meta property=\"og:description\" content=\"Abonnez-vous au Magazine LUXE et recevez les versions papier. Et b\u00e9n\u00e9ficiez d&#039;un tarif pr\u00e9f\u00e9rentiel sur votre abonnement \u00e0 Europa Star.\" \/>\n<meta property=\"og:url\" content=\"https:\/\/magazineluxe.com\/fr\/abonnement\/\" \/>\n<meta property=\"og:site_name\" content=\"MAGAZINE LUXE - Immobilier | Design | Art de vivre\" \/>\n<meta property=\"article:modified_time\" content=\"2024-12-23T23:31:37+00:00\" \/>\n<meta property=\"og:image\" content=\"https:\/\/magazineluxe.com\/wp-content\/uploads\/2020\/07\/Pub-abonnement-FR.png\" \/>\n\t<meta property=\"og:image:width\" content=\"413\" \/>\n\t<meta property=\"og:image:height\" content=\"279\" \/>\n\t<meta property=\"og:image:type\" content=\"image\/png\" \/>\n<meta name=\"twitter:card\" content=\"summary_large_image\" \/>\n<meta name=\"twitter:image\" content=\"https:\/\/magazineluxe.com\/wp-content\/uploads\/2020\/07\/Pub-abonnement-FR.png\" \/>\n<meta name=\"twitter:label1\" content=\"Dur\u00e9e de lecture estim\u00e9e\" \/>\n\t<meta name=\"twitter:data1\" content=\"1 minute\" \/>\n<script type=\"application\/ld+json\" class=\"yoast-schema-graph\">{\"@context\":\"https:\\\/\\\/schema.org\",\"@graph\":[{\"@type\":\"WebPage\",\"@id\":\"https:\\\/\\\/magazineluxe.com\\\/fr\\\/abonnement\\\/\",\"url\":\"https:\\\/\\\/magazineluxe.com\\\/fr\\\/abonnement\\\/\",\"name\":\"Abonnement au Magazine LUXE I Immobilier Design Art de vivre Travel\",\"isPartOf\":{\"@id\":\"https:\\\/\\\/magazineluxe.com\\\/fr\\\/#website\"},\"primaryImageOfPage\":{\"@id\":\"https:\\\/\\\/magazineluxe.com\\\/fr\\\/abonnement\\\/#primaryimage\"},\"image\":{\"@id\":\"https:\\\/\\\/magazineluxe.com\\\/fr\\\/abonnement\\\/#primaryimage\"},\"thumbnailUrl\":\"https:\\\/\\\/magazineluxe.com\\\/wp-content\\\/uploads\\\/2023\\\/05\\\/abonnement-magazine-luxe-affaires-immobilier.jpg\",\"datePublished\":\"2022-11-18T18:25:21+00:00\",\"dateModified\":\"2024-12-23T23:31:37+00:00\",\"description\":\"Abonnez-vous au Magazine LUXE et recevez les versions papier. Et b\u00e9n\u00e9ficiez d'un tarif pr\u00e9f\u00e9rentiel sur votre abonnement \u00e0 Europa Star.\",\"breadcrumb\":{\"@id\":\"https:\\\/\\\/magazineluxe.com\\\/fr\\\/abonnement\\\/#breadcrumb\"},\"inLanguage\":\"fr-FR\",\"potentialAction\":[{\"@type\":\"ReadAction\",\"target\":[\"https:\\\/\\\/magazineluxe.com\\\/fr\\\/abonnement\\\/\"]}]},{\"@type\":\"ImageObject\",\"inLanguage\":\"fr-FR\",\"@id\":\"https:\\\/\\\/magazineluxe.com\\\/fr\\\/abonnement\\\/#primaryimage\",\"url\":\"https:\\\/\\\/magazineluxe.com\\\/wp-content\\\/uploads\\\/2023\\\/05\\\/abonnement-magazine-luxe-affaires-immobilier.jpg\",\"contentUrl\":\"https:\\\/\\\/magazineluxe.com\\\/wp-content\\\/uploads\\\/2023\\\/05\\\/abonnement-magazine-luxe-affaires-immobilier.jpg\"},{\"@type\":\"BreadcrumbList\",\"@id\":\"https:\\\/\\\/magazineluxe.com\\\/fr\\\/abonnement\\\/#breadcrumb\",\"itemListElement\":[{\"@type\":\"ListItem\",\"position\":1,\"name\":\"Accueil\",\"item\":\"https:\\\/\\\/magazineluxe.com\\\/fr\\\/\"},{\"@type\":\"ListItem\",\"position\":2,\"name\":\"Abonnement magazine\"}]},{\"@type\":\"WebSite\",\"@id\":\"https:\\\/\\\/magazineluxe.com\\\/fr\\\/#website\",\"url\":\"https:\\\/\\\/magazineluxe.com\\\/fr\\\/\",\"name\":\"MAGAZINE LUXE - Immobilier | Design | Art de vivre\",\"description\":\"MAGAZINE LUXE - Immobilier | Design | Art de vivre\",\"potentialAction\":[{\"@type\":\"SearchAction\",\"target\":{\"@type\":\"EntryPoint\",\"urlTemplate\":\"https:\\\/\\\/magazineluxe.com\\\/fr\\\/?s={search_term_string}\"},\"query-input\":{\"@type\":\"PropertyValueSpecification\",\"valueRequired\":true,\"valueName\":\"search_term_string\"}}],\"inLanguage\":\"fr-FR\"}]}<\/script>\n<!-- \/ Yoast SEO plugin. -->","yoast_head_json":{"title":"Abonnement au Magazine LUXE I Immobilier Design Art de vivre Travel","description":"Abonnez-vous au Magazine LUXE et recevez les versions papier. Et b\u00e9n\u00e9ficiez d'un tarif pr\u00e9f\u00e9rentiel sur votre abonnement \u00e0 Europa Star.","robots":{"index":"index","follow":"follow","max-snippet":"max-snippet:-1","max-image-preview":"max-image-preview:large","max-video-preview":"max-video-preview:-1"},"canonical":"https:\/\/magazineluxe.com\/fr\/abonnement\/","og_locale":"fr_FR","og_type":"article","og_title":"Abonnement au Magazine LUXE I Immobilier Design Art de vivre Travel","og_description":"Abonnez-vous au Magazine LUXE et recevez les versions papier. Et b\u00e9n\u00e9ficiez d'un tarif pr\u00e9f\u00e9rentiel sur votre abonnement \u00e0 Europa Star.","og_url":"https:\/\/magazineluxe.com\/fr\/abonnement\/","og_site_name":"MAGAZINE LUXE - Immobilier | Design | Art de vivre","article_modified_time":"2024-12-23T23:31:37+00:00","og_image":[{"width":413,"height":279,"url":"https:\/\/magazineluxe.com\/wp-content\/uploads\/2020\/07\/Pub-abonnement-FR.png","type":"image\/png"}],"twitter_card":"summary_large_image","twitter_image":"https:\/\/magazineluxe.com\/wp-content\/uploads\/2020\/07\/Pub-abonnement-FR.png","twitter_misc":{"Dur\u00e9e de lecture estim\u00e9e":"1 minute"},"schema":{"@context":"https:\/\/schema.org","@graph":[{"@type":"WebPage","@id":"https:\/\/magazineluxe.com\/fr\/abonnement\/","url":"https:\/\/magazineluxe.com\/fr\/abonnement\/","name":"Abonnement au Magazine LUXE I Immobilier Design Art de vivre Travel","isPartOf":{"@id":"https:\/\/magazineluxe.com\/fr\/#website"},"primaryImageOfPage":{"@id":"https:\/\/magazineluxe.com\/fr\/abonnement\/#primaryimage"},"image":{"@id":"https:\/\/magazineluxe.com\/fr\/abonnement\/#primaryimage"},"thumbnailUrl":"https:\/\/magazineluxe.com\/wp-content\/uploads\/2023\/05\/abonnement-magazine-luxe-affaires-immobilier.jpg","datePublished":"2022-11-18T18:25:21+00:00","dateModified":"2024-12-23T23:31:37+00:00","description":"Abonnez-vous au Magazine LUXE et recevez les versions papier. Et b\u00e9n\u00e9ficiez d'un tarif pr\u00e9f\u00e9rentiel sur votre abonnement \u00e0 Europa Star.","breadcrumb":{"@id":"https:\/\/magazineluxe.com\/fr\/abonnement\/#breadcrumb"},"inLanguage":"fr-FR","potentialAction":[{"@type":"ReadAction","target":["https:\/\/magazineluxe.com\/fr\/abonnement\/"]}]},{"@type":"ImageObject","inLanguage":"fr-FR","@id":"https:\/\/magazineluxe.com\/fr\/abonnement\/#primaryimage","url":"https:\/\/magazineluxe.com\/wp-content\/uploads\/2023\/05\/abonnement-magazine-luxe-affaires-immobilier.jpg","contentUrl":"https:\/\/magazineluxe.com\/wp-content\/uploads\/2023\/05\/abonnement-magazine-luxe-affaires-immobilier.jpg"},{"@type":"BreadcrumbList","@id":"https:\/\/magazineluxe.com\/fr\/abonnement\/#breadcrumb","itemListElement":[{"@type":"ListItem","position":1,"name":"Accueil","item":"https:\/\/magazineluxe.com\/fr\/"},{"@type":"ListItem","position":2,"name":"Abonnement magazine"}]},{"@type":"WebSite","@id":"https:\/\/magazineluxe.com\/fr\/#website","url":"https:\/\/magazineluxe.com\/fr\/","name":"MAGAZINE LUXE - Immobilier | Design | Art de vivre","description":"MAGAZINE LUXE - Immobilier | Design | Art de vivre","potentialAction":[{"@type":"SearchAction","target":{"@type":"EntryPoint","urlTemplate":"https:\/\/magazineluxe.com\/fr\/?s={search_term_string}"},"query-input":{"@type":"PropertyValueSpecification","valueRequired":true,"valueName":"search_term_string"}}],"inLanguage":"fr-FR"}]}},"_links":{"self":[{"href":"https:\/\/magazineluxe.com\/fr\/wp-json\/wp\/v2\/pages\/18685","targetHints":{"allow":["GET"]}}],"collection":[{"href":"https:\/\/magazineluxe.com\/fr\/wp-json\/wp\/v2\/pages"}],"about":[{"href":"https:\/\/magazineluxe.com\/fr\/wp-json\/wp\/v2\/types\/page"}],"author":[{"embeddable":true,"href":"https:\/\/magazineluxe.com\/fr\/wp-json\/wp\/v2\/users\/710"}],"replies":[{"embeddable":true,"href":"https:\/\/magazineluxe.com\/fr\/wp-json\/wp\/v2\/comments?post=18685"}],"version-history":[{"count":5,"href":"https:\/\/magazineluxe.com\/fr\/wp-json\/wp\/v2\/pages\/18685\/revisions"}],"predecessor-version":[{"id":19827,"href":"https:\/\/magazineluxe.com\/fr\/wp-json\/wp\/v2\/pages\/18685\/revisions\/19827"}],"wp:attachment":[{"href":"https:\/\/magazineluxe.com\/fr\/wp-json\/wp\/v2\/media?parent=18685"}],"curies":[{"name":"wp","href":"https:\/\/api.w.org\/{rel}","templated":true}]}}