{"id":6298,"date":"2013-09-24T14:40:07","date_gmt":"2013-09-24T18:40:07","guid":{"rendered":"http:\/\/magazineluxe.com\/\/?page_id=6298"},"modified":"2022-06-28T18:05:48","modified_gmt":"2022-06-28T22:05:48","slug":"archives","status":"publish","type":"page","link":"https:\/\/magazineluxe.com\/fr\/archives\/","title":{"rendered":"Archives"},"content":{"rendered":"<h1>\u00c9DITION LE MANSFIELD<\/h1>\n<p><a href=\"https:\/\/www.expressmag.com\/fr-ca\/magazines\/fiche\/description\/luxe-magazine\/1428\/\" target=\"_blank\" rel=\"noopener\"><img loading=\"lazy\" decoding=\"async\" class=\"size-full wp-image-17398 alignnone\" src=\"https:\/\/magazineluxe.com\/wp-content\/uploads\/2022\/06\/mansfield-condos-luxe-magazine.jpg\" alt=\"\" width=\"603\" height=\"783\" \/><\/a><\/p>\n<p><!--\n\n\n<div data-configid=\"30313164\/50798532\" style=\"width:95%; height:776px;\" class=\"issuuembed\"><\/div>\n\n\n<script type=\"text\/javascript\" src=\"\/\/e.issuu.com\/embed.js\" async=\"true\"><\/script>\n\n--><\/p>\n<div class=\"blocLigne\" style=\"overflow: hidden; margin: auto; margin-bottom: 30px;\"><\/div>\n<div class=\"blocLigne\" style=\"overflow: hidden; margin: auto; margin-bottom: 30px;\">\n<ul class=\"listArchive\">\n<li>\n<figure><a href=\"https:\/\/issuu.com\/magazineluxe\/docs\/luxe_complet_v13n1_lr_single\" target=\"_blank\" rel=\"noopener noreferrer\"><img decoding=\"async\" src=\"https:\/\/magazineluxe.com\/wp-content\/uploads\/2021\/12\/edition-47s-luxe-magazine.jpg\" alt=\"Cover Luxe 47 s Edition\" \/><\/a><figcaption>\u00c9dition 47 s<\/figcaption><\/figure>\n<\/li>\n<li>\n<figure><a href=\"https:\/\/issuu.com\/magazineluxe\/docs\/luxe_magazine_edition_maestria_cond_9a669d1620d420\" target=\"_blank\" rel=\"noopener noreferrer\"><img loading=\"lazy\" decoding=\"async\" class=\"alignnone\" src=\"https:\/\/magazineluxe.com\/wp-content\/uploads\/2021\/12\/maestria-condominiums-cover.jpg\" alt=\"Cover \u00c9dition Maestria Condominiums\" width=\"1257\" height=\"1632\" \/><\/a><figcaption>\u00c9dition Maestria Condominiums<\/figcaption><\/figure>\n<\/li>\n<li>\n<figure><a href=\"https:\/\/issuu.com\/magazineluxe\/docs\/luxe_complet_v12n2_web\" target=\"_blank\" rel=\"noopener noreferrer\"><img decoding=\"async\" src=\"https:\/\/magazineluxe.com\/wp-content\/uploads\/2020\/02\/luxe-cover-square-phillips.jpg\" alt=\"Cover Luxe 1 Square Phillips Edition\" \/><\/a><figcaption>\u00c9dition 1 Square Phillips<\/figcaption><\/figure>\n<\/li>\n<li>\n<figure><a href=\"https:\/\/issuu.com\/magazineluxe\/docs\/luxe_mai_2019_lu_v2_complet_pagesimple_web_\" target=\"_blank\" rel=\"noopener noreferrer\"><img decoding=\"async\" src=\"https:\/\/magazineluxe.com\/wp-content\/uploads\/2019\/05\/luxe-magazine-edition-1111-atwater.jpg\" alt=\"Cover Luxe 1111 Atwater Edition\" \/><\/a><figcaption>\u00c9dition 1111 Atwater<\/figcaption><\/figure>\n<\/li>\n<li>\n<figure><a href=\"https:\/\/issuu.com\/magazineluxe\/docs\/luxe-hiver-2018\" target=\"_blank\" rel=\"noopener noreferrer\"><img decoding=\"async\" src=\"https:\/\/magazineluxe.com\/wp-content\/uploads\/2019\/03\/Luxe-magazine-edition-quinzecent-1.jpg\" alt=\"Cover Luxe Quinzecent Edition\" \/><\/a><figcaption>\u00c9dition Quinzecent<\/figcaption><\/figure>\n<\/li>\n<li>\n<figure><a href=\"https:\/\/issuu.com\/magazineluxe\/docs\/luxe_automne_2018-_dition_royal_qua\" target=\"_blank\" rel=\"noopener noreferrer\"><img decoding=\"async\" src=\"https:\/\/magazineluxe.com\/wp-content\/uploads\/2019\/03\/Luxe-magazine-edition-automne-2018-Royal-Quai.jpg\" \/><\/a><figcaption>\u00c9dition Royal Quai<\/figcaption><\/figure>\n<\/li>\n<li>\n<figure><a href=\"https:\/\/issuu.com\/magazineluxe\/docs\/luxemai2018_lr_pourweb\" target=\"_blank\" rel=\"noopener noreferrer\"><img decoding=\"async\" src=\"https:\/\/magazineluxe.com\/wp-content\/uploads\/2018\/06\/Cover_Luxe_mai-2018.jpg\" alt=\"Cover Luxe Printemps-\u00e9t\u00e9 2018\" \/><\/a><figcaption>Printemps-\u00e9t\u00e9 2018<\/figcaption><\/figure>\n<\/li>\n<li>\n<figure><a href=\"https:\/\/issuu.com\/magazineluxe\/docs\/luxehiver2017_lr_pourweb\" target=\"_blank\" rel=\"noopener noreferrer\"><img decoding=\"async\" src=\"https:\/\/magazineluxe.com\/wp-content\/uploads\/2013\/09\/CoverHiver2018-w.jpg\" alt=\"Cover Luxe Hiver 2018\" \/><\/a><figcaption>Hiver 2018<\/figcaption><\/figure>\n<\/li>\n<li>\n<figure><a href=\"https:\/\/issuu.com\/magazineluxe\/docs\/luxe_automne_2017_lr_pourweb\" target=\"_blank\" rel=\"noopener noreferrer\"><img decoding=\"async\" src=\"https:\/\/magazineluxe.com\/wp-content\/uploads\/2017\/12\/CoverLuxeAUT2017.jpg\" alt=\"Automne 2017\" \/><\/a><figcaption>Automne 2017<\/figcaption><\/figure>\n<\/li>\n<li>\n<figure><a href=\"https:\/\/issuu.com\/magazineluxe\/docs\/luxeprintemps2017_lr_pourweb\" target=\"_blank\" rel=\"noopener noreferrer\"><img decoding=\"async\" src=\"https:\/\/magazineluxe.com\/wp-content\/uploads\/2013\/09\/LuxePrintemps2017-sidebar.jpg\" alt=\"Printemps 2017\" \/><\/a><figcaption>Printemps 2017<\/figcaption><\/figure>\n<\/li>\n<li>\n<figure><a href=\"https:\/\/issuu.com\/publi\/docs\/magazine_luxe-_printemps2016\" target=\"_blank\" rel=\"noopener noreferrer\"><img decoding=\"async\" src=\"https:\/\/magazineluxe.com\/wp-content\/uploads\/2016\/12\/Screenshot_2.png\" alt=\"Printemps 2016\" \/><\/a><figcaption>Printemps 2016<\/figcaption><\/figure>\n<\/li>\n<li>\n<figure><a href=\"https:\/\/issuu.com\/publi\/docs\/luxe_hiver2015?e=1043705\/35238981\" target=\"_blank\" rel=\"noopener noreferrer\"><img decoding=\"async\" src=\"https:\/\/magazineluxe.com\/wp-content\/uploads\/2016\/03\/hiver-2015.jpg\" alt=\"Magazine LUXE - Automne-hiver 2016\" \/><\/a><figcaption>Automne-hiver 2016<\/figcaption><\/figure>\n<\/li>\n<li>\n<figure><a href=\"https:\/\/issuu.com\/publi\/docs\/binder1_3bfb0e54393cf7\" target=\"_blank\" rel=\"noopener noreferrer\"><img decoding=\"async\" src=\"https:\/\/magazineluxe.com\/wp-content\/uploads\/2016\/03\/automne-2014.jpg\" alt=\"Magazine LUXE - Automne-hiver 2015\" \/><\/a><figcaption>Automne-hiver 2015<\/figcaption><\/figure>\n<\/li>\n<li>\n<figure><a href=\"https:\/\/issuu.com\/publi\/docs\/binder1_9427b4e88aec86\/1\" target=\"_blank\" rel=\"noopener noreferrer\"><img decoding=\"async\" src=\"https:\/\/magazineluxe.com\/wp-content\/uploads\/2016\/03\/printemps-2015.jpg\" alt=\"Magazine LUXE - Printemps-\u00e9t\u00e9 2015\" \/><\/a><figcaption>Printemps-\u00e9t\u00e9 2015<\/figcaption><\/figure>\n<\/li>\n<li>\n<figure><a href=\"http:\/\/issuu.com\/publi\/docs\/binder2_ab9dd05084936a\/1\" target=\"_blank\" rel=\"noopener noreferrer\"><img decoding=\"async\" src=\"https:\/\/magazineluxe.com\/wp-content\/uploads\/mag\/tn\/2014-03.jpg\" alt=\"Magazine LUXE - Printemps-\u00e9t\u00e9 2014\" \/><\/a><figcaption>Printemps-\u00e9t\u00e9 2014<\/figcaption><\/figure>\n<\/li>\n<li>\n<figure><a href=\"http:\/\/issuu.com\/publi\/docs\/magazineluxe_printemps2013?e=1043705\/4964008\" target=\"_blank\" rel=\"noopener noreferrer\"><img decoding=\"async\" src=\"https:\/\/magazineluxe.com\/wp-content\/uploads\/mag\/tn\/2013-02.jpg\" alt=\"Magazine LUXE - Printemps 2013\" \/><\/a><figcaption>Printemps 2013<\/figcaption><\/figure>\n<\/li>\n<li>\n<figure><a href=\"http:\/\/issuu.com\/publi\/docs\/binder3_0e68ef1a20cae0\/1\" target=\"_blank\" rel=\"noopener noreferrer\"><img decoding=\"async\" src=\"https:\/\/magazineluxe.com\/wp-content\/uploads\/mag\/tn\/2014-01.jpg\" alt=\"Magazine LUXE - Hiver 2014\" \/><\/a><figcaption>Hiver 2014<\/figcaption><\/figure>\n<\/li>\n<li>\n<figure><a href=\"http:\/\/issuu.com\/publi\/docs\/binder3\/1\" target=\"_blank\" rel=\"noopener noreferrer\"><img decoding=\"async\" src=\"https:\/\/magazineluxe.com\/wp-content\/uploads\/mag\/tn\/2013-03.jpg\" alt=\"Magazine LUXE - \u00c9t\u00e9 2013\" \/><\/a><figcaption>\u00c9t\u00e9 2013<\/figcaption><\/figure>\n<\/li>\n<li>\n<figure><a href=\"http:\/\/issuu.com\/publi\/docs\/magazineluxe_hiver2013?e=1043705\/4965673\" target=\"_blank\" rel=\"noopener noreferrer\"><img decoding=\"async\" src=\"https:\/\/magazineluxe.com\/wp-content\/uploads\/mag\/tn\/\/2013-01.jpg\" alt=\"Magazine LUXE - Hiver 2013\" \/><\/a><figcaption>Hiver 2013<\/figcaption><\/figure>\n<\/li>\n<li>\n<figure><a href=\"http:\/\/issuu.com\/publi\/docs\/binder4\" target=\"_blank\" rel=\"noopener noreferrer\"><img decoding=\"async\" src=\"https:\/\/magazineluxe.com\/wp-content\/uploads\/mag\/tn\/2012-03.jpg\" alt=\"Magazine LUXE - \u00c9t\u00e9 2012\" \/><\/a><figcaption>\u00c9t\u00e9 2012<\/figcaption><\/figure>\n<\/li>\n<li>\n<figure><a href=\"http:\/\/issuu.com\/publi\/docs\/magazineluxe_printemps2012?e=1043705\/4965728\" target=\"_blank\" rel=\"noopener noreferrer\"><img decoding=\"async\" src=\"https:\/\/magazineluxe.com\/wp-content\/uploads\/mag\/tn\/2012-02.jpg\" alt=\"Magazine LUXE - Printemps 2012\" \/><\/a><figcaption>Printemps 2012<\/figcaption><\/figure>\n<\/li>\n<li>\n<figure><a href=\"http:\/\/issuu.com\/publi\/docs\/magazineluxe-hiver2012?e=1043705\/4965731\" target=\"_blank\" rel=\"noopener noreferrer\"><img decoding=\"async\" src=\"https:\/\/magazineluxe.com\/wp-content\/uploads\/mag\/tn\/2012-01.jpg\" alt=\"Magazine LUXE - Hiver 2012\" \/><\/a><figcaption>Hiver 2012<\/figcaption><\/figure>\n<\/li>\n<li>\n<figure><a href=\"http:\/\/issuu.com\/publi\/docs\/luxe_aut2012?e=1043705\/4965707\" target=\"_blank\" rel=\"noopener noreferrer\"><img decoding=\"async\" src=\"https:\/\/magazineluxe.com\/wp-content\/uploads\/mag\/tn\/2012-04.jpg\" alt=\"Magazine LUXE - Automne 2012\" \/><\/a><figcaption>Automne 2012<\/figcaption><\/figure>\n<\/li>\n<li>\n<figure><a href=\"http:\/\/issuu.com\/publi\/docs\/luxemagazine_printemps2011?e=1043705\/4965762\" target=\"_blank\" rel=\"noopener noreferrer\"><img decoding=\"async\" src=\"https:\/\/magazineluxe.com\/wp-content\/uploads\/mag\/tn\/2011-02.jpg\" alt=\"Magazine LUXE - Printemps 2011\" \/><\/a><figcaption>Printemps 2011<\/figcaption><\/figure>\n<\/li>\n<\/ul>\n<\/div>\n","protected":false},"excerpt":{"rendered":"<p>\u00c9DITION LE MANSFIELD \u00c9dition 47 s \u00c9dition Maestria Condominiums \u00c9dition 1 Square Phillips \u00c9dition 1111 Atwater \u00c9dition Quinzecent \u00c9dition Royal Quai Printemps-\u00e9t\u00e9 2018 Hiver 2018 Automne 2017 Printemps 2017 Printemps 2016 Automne-hiver 2016 Automne-hiver 2015 Printemps-\u00e9t\u00e9 2015 Printemps-\u00e9t\u00e9 2014 Printemps 2013 Hiver 2014 \u00c9t\u00e9 2013 Hiver 2013 \u00c9t\u00e9 2012 Printemps 2012 Hiver 2012 Automne 2012 Printemps 2011<\/p>\n","protected":false},"author":710,"featured_media":0,"parent":0,"menu_order":0,"comment_status":"closed","ping_status":"closed","template":"","meta":{"_monsterinsights_skip_tracking":false,"_monsterinsights_sitenote_active":false,"_monsterinsights_sitenote_note":"","_monsterinsights_sitenote_category":0,"footnotes":""},"class_list":["post-6298","page","type-page","status-publish","hentry"],"yoast_head":"<!-- This site is optimized with the Yoast SEO plugin v27.4 - https:\/\/yoast.com\/product\/yoast-seo-wordpress\/ -->\n<title>Archives - MAGAZINE LUXE - Immobilier I Design I Art de vivre<\/title>\n<meta name=\"description\" content=\"Consultez les archives du Magazine LUXE.\" \/>\n<meta name=\"robots\" content=\"index, follow, max-snippet:-1, max-image-preview:large, max-video-preview:-1\" \/>\n<link rel=\"canonical\" href=\"https:\/\/magazineluxe.com\/fr\/archives\/\" \/>\n<meta property=\"og:locale\" content=\"fr_FR\" \/>\n<meta property=\"og:type\" content=\"article\" \/>\n<meta property=\"og:title\" content=\"Archives - MAGAZINE LUXE - Immobilier I Design I Art de vivre\" \/>\n<meta property=\"og:description\" content=\"Consultez les archives du Magazine LUXE.\" \/>\n<meta property=\"og:url\" content=\"https:\/\/magazineluxe.com\/fr\/archives\/\" \/>\n<meta property=\"og:site_name\" content=\"MAGAZINE LUXE - Immobilier | Design | Art de vivre\" \/>\n<meta property=\"article:modified_time\" content=\"2022-06-28T22:05:48+00:00\" \/>\n<meta property=\"og:image\" content=\"https:\/\/magazineluxe.com\/wp-content\/uploads\/2015\/12\/YUL-1-1024x683.jpg\" \/>\n\t<meta property=\"og:image:width\" content=\"1024\" \/>\n\t<meta property=\"og:image:height\" content=\"683\" \/>\n\t<meta property=\"og:image:type\" content=\"image\/jpeg\" \/>\n<meta name=\"twitter:card\" content=\"summary_large_image\" \/>\n<meta name=\"twitter:label1\" content=\"Dur\u00e9e de lecture estim\u00e9e\" \/>\n\t<meta name=\"twitter:data1\" content=\"6 minutes\" \/>\n<script type=\"application\/ld+json\" class=\"yoast-schema-graph\">{\"@context\":\"https:\\\/\\\/schema.org\",\"@graph\":[{\"@type\":\"WebPage\",\"@id\":\"https:\\\/\\\/magazineluxe.com\\\/fr\\\/archives\\\/\",\"url\":\"https:\\\/\\\/magazineluxe.com\\\/fr\\\/archives\\\/\",\"name\":\"Archives - MAGAZINE LUXE - Immobilier I Design I Art de vivre\",\"isPartOf\":{\"@id\":\"https:\\\/\\\/magazineluxe.com\\\/fr\\\/#website\"},\"primaryImageOfPage\":{\"@id\":\"https:\\\/\\\/magazineluxe.com\\\/fr\\\/archives\\\/#primaryimage\"},\"image\":{\"@id\":\"https:\\\/\\\/magazineluxe.com\\\/fr\\\/archives\\\/#primaryimage\"},\"thumbnailUrl\":\"https:\\\/\\\/magazineluxe.com\\\/wp-content\\\/uploads\\\/2022\\\/06\\\/mansfield-condos-luxe-magazine.jpg\",\"datePublished\":\"2013-09-24T18:40:07+00:00\",\"dateModified\":\"2022-06-28T22:05:48+00:00\",\"description\":\"Consultez les archives du Magazine LUXE.\",\"breadcrumb\":{\"@id\":\"https:\\\/\\\/magazineluxe.com\\\/fr\\\/archives\\\/#breadcrumb\"},\"inLanguage\":\"fr-FR\",\"potentialAction\":[{\"@type\":\"ReadAction\",\"target\":[\"https:\\\/\\\/magazineluxe.com\\\/fr\\\/archives\\\/\"]}]},{\"@type\":\"ImageObject\",\"inLanguage\":\"fr-FR\",\"@id\":\"https:\\\/\\\/magazineluxe.com\\\/fr\\\/archives\\\/#primaryimage\",\"url\":\"https:\\\/\\\/magazineluxe.com\\\/wp-content\\\/uploads\\\/2022\\\/06\\\/mansfield-condos-luxe-magazine.jpg\",\"contentUrl\":\"https:\\\/\\\/magazineluxe.com\\\/wp-content\\\/uploads\\\/2022\\\/06\\\/mansfield-condos-luxe-magazine.jpg\"},{\"@type\":\"BreadcrumbList\",\"@id\":\"https:\\\/\\\/magazineluxe.com\\\/fr\\\/archives\\\/#breadcrumb\",\"itemListElement\":[{\"@type\":\"ListItem\",\"position\":1,\"name\":\"Accueil\",\"item\":\"https:\\\/\\\/magazineluxe.com\\\/fr\\\/\"},{\"@type\":\"ListItem\",\"position\":2,\"name\":\"Archives\"}]},{\"@type\":\"WebSite\",\"@id\":\"https:\\\/\\\/magazineluxe.com\\\/fr\\\/#website\",\"url\":\"https:\\\/\\\/magazineluxe.com\\\/fr\\\/\",\"name\":\"MAGAZINE LUXE - Immobilier | Design | Art de vivre\",\"description\":\"MAGAZINE LUXE - Immobilier | Design | Art de vivre\",\"potentialAction\":[{\"@type\":\"SearchAction\",\"target\":{\"@type\":\"EntryPoint\",\"urlTemplate\":\"https:\\\/\\\/magazineluxe.com\\\/fr\\\/?s={search_term_string}\"},\"query-input\":{\"@type\":\"PropertyValueSpecification\",\"valueRequired\":true,\"valueName\":\"search_term_string\"}}],\"inLanguage\":\"fr-FR\"}]}<\/script>\n<!-- \/ Yoast SEO plugin. -->","yoast_head_json":{"title":"Archives - MAGAZINE LUXE - Immobilier I Design I Art de vivre","description":"Consultez les archives du Magazine LUXE.","robots":{"index":"index","follow":"follow","max-snippet":"max-snippet:-1","max-image-preview":"max-image-preview:large","max-video-preview":"max-video-preview:-1"},"canonical":"https:\/\/magazineluxe.com\/fr\/archives\/","og_locale":"fr_FR","og_type":"article","og_title":"Archives - MAGAZINE LUXE - Immobilier I Design I Art de vivre","og_description":"Consultez les archives du Magazine LUXE.","og_url":"https:\/\/magazineluxe.com\/fr\/archives\/","og_site_name":"MAGAZINE LUXE - Immobilier | Design | Art de vivre","article_modified_time":"2022-06-28T22:05:48+00:00","og_image":[{"width":1024,"height":683,"url":"https:\/\/magazineluxe.com\/wp-content\/uploads\/2015\/12\/YUL-1-1024x683.jpg","type":"image\/jpeg"}],"twitter_card":"summary_large_image","twitter_misc":{"Dur\u00e9e de lecture estim\u00e9e":"6 minutes"},"schema":{"@context":"https:\/\/schema.org","@graph":[{"@type":"WebPage","@id":"https:\/\/magazineluxe.com\/fr\/archives\/","url":"https:\/\/magazineluxe.com\/fr\/archives\/","name":"Archives - MAGAZINE LUXE - Immobilier I Design I Art de vivre","isPartOf":{"@id":"https:\/\/magazineluxe.com\/fr\/#website"},"primaryImageOfPage":{"@id":"https:\/\/magazineluxe.com\/fr\/archives\/#primaryimage"},"image":{"@id":"https:\/\/magazineluxe.com\/fr\/archives\/#primaryimage"},"thumbnailUrl":"https:\/\/magazineluxe.com\/wp-content\/uploads\/2022\/06\/mansfield-condos-luxe-magazine.jpg","datePublished":"2013-09-24T18:40:07+00:00","dateModified":"2022-06-28T22:05:48+00:00","description":"Consultez les archives du Magazine LUXE.","breadcrumb":{"@id":"https:\/\/magazineluxe.com\/fr\/archives\/#breadcrumb"},"inLanguage":"fr-FR","potentialAction":[{"@type":"ReadAction","target":["https:\/\/magazineluxe.com\/fr\/archives\/"]}]},{"@type":"ImageObject","inLanguage":"fr-FR","@id":"https:\/\/magazineluxe.com\/fr\/archives\/#primaryimage","url":"https:\/\/magazineluxe.com\/wp-content\/uploads\/2022\/06\/mansfield-condos-luxe-magazine.jpg","contentUrl":"https:\/\/magazineluxe.com\/wp-content\/uploads\/2022\/06\/mansfield-condos-luxe-magazine.jpg"},{"@type":"BreadcrumbList","@id":"https:\/\/magazineluxe.com\/fr\/archives\/#breadcrumb","itemListElement":[{"@type":"ListItem","position":1,"name":"Accueil","item":"https:\/\/magazineluxe.com\/fr\/"},{"@type":"ListItem","position":2,"name":"Archives"}]},{"@type":"WebSite","@id":"https:\/\/magazineluxe.com\/fr\/#website","url":"https:\/\/magazineluxe.com\/fr\/","name":"MAGAZINE LUXE - Immobilier | Design | Art de vivre","description":"MAGAZINE LUXE - Immobilier | Design | Art de vivre","potentialAction":[{"@type":"SearchAction","target":{"@type":"EntryPoint","urlTemplate":"https:\/\/magazineluxe.com\/fr\/?s={search_term_string}"},"query-input":{"@type":"PropertyValueSpecification","valueRequired":true,"valueName":"search_term_string"}}],"inLanguage":"fr-FR"}]}},"_links":{"self":[{"href":"https:\/\/magazineluxe.com\/fr\/wp-json\/wp\/v2\/pages\/6298","targetHints":{"allow":["GET"]}}],"collection":[{"href":"https:\/\/magazineluxe.com\/fr\/wp-json\/wp\/v2\/pages"}],"about":[{"href":"https:\/\/magazineluxe.com\/fr\/wp-json\/wp\/v2\/types\/page"}],"author":[{"embeddable":true,"href":"https:\/\/magazineluxe.com\/fr\/wp-json\/wp\/v2\/users\/710"}],"replies":[{"embeddable":true,"href":"https:\/\/magazineluxe.com\/fr\/wp-json\/wp\/v2\/comments?post=6298"}],"version-history":[{"count":5,"href":"https:\/\/magazineluxe.com\/fr\/wp-json\/wp\/v2\/pages\/6298\/revisions"}],"predecessor-version":[{"id":17762,"href":"https:\/\/magazineluxe.com\/fr\/wp-json\/wp\/v2\/pages\/6298\/revisions\/17762"}],"wp:attachment":[{"href":"https:\/\/magazineluxe.com\/fr\/wp-json\/wp\/v2\/media?parent=6298"}],"curies":[{"name":"wp","href":"https:\/\/api.w.org\/{rel}","templated":true}]}}